{"id":29,"date":"2021-01-28T20:02:14","date_gmt":"2021-01-28T19:02:14","guid":{"rendered":"http:\/\/beskidzkietarasy.pl\/?page_id=29"},"modified":"2024-01-20T19:56:20","modified_gmt":"2024-01-20T18:56:20","slug":"kontakt","status":"publish","type":"page","link":"https:\/\/beskidzkietarasy.pl\/?page_id=29","title":{"rendered":"Kontakt"},"content":{"rendered":"<p>[et_pb_section fb_built=&#8221;1&#8243; custom_padding_last_edited=&#8221;on|tablet&#8221; admin_label=&#8221;Contact Form&#8221; _builder_version=&#8221;4.9.0&#8243; background_enable_image=&#8221;off&#8221; custom_padding=&#8221;37px||10px|||&#8221; custom_padding_tablet=&#8221;60px|||&#8221; custom_padding_phone=&#8221;&#8221;][et_pb_row column_structure=&#8221;1_3,1_3,1_3&#8243; admin_label=&#8221;Row&#8221; _builder_version=&#8221;3.25&#8243; custom_padding=&#8221;70px|||&#8221; locked=&#8221;off&#8221;][et_pb_column type=&#8221;1_3&#8243; _builder_version=&#8221;3.25&#8243; custom_padding=&#8221;|||&#8221; custom_padding__hover=&#8221;|||&#8221;][et_pb_blurb title=&#8221;Odwied\u017a nas&#8221; use_icon=&#8221;on&#8221; font_icon=&#8221;%%249%%&#8221; icon_color=&#8221;#ed4441&#8243; use_circle=&#8221;on&#8221; circle_color=&#8221;rgba(255,255,255,0)&#8221; use_circle_border=&#8221;on&#8221; circle_border_color=&#8221;#ed4441&#8243; use_icon_font_size=&#8221;on&#8221; icon_font_size=&#8221;36px&#8221; _builder_version=&#8221;4.9.7&#8243; header_font=&#8221;Oswald|on||on|&#8221; header_text_color=&#8221;#1a1a1a&#8221; header_font_size=&#8221;24px&#8221; header_line_height=&#8221;1.9em&#8221; body_font=&#8221;Roboto||||&#8221; body_font_size=&#8221;16px&#8221; body_line_height=&#8221;1.8em&#8221; background_color=&#8221;#f4f4f4&#8243; background_size=&#8221;initial&#8221; background_position=&#8221;top_left&#8221; background_repeat=&#8221;repeat&#8221; text_orientation=&#8221;center&#8221; custom_padding=&#8221;60px||60px|&#8221; animation_style=&#8221;fold&#8221; animation_direction=&#8221;right&#8221; animation_intensity_fold=&#8221;41%&#8221;]<\/p>\n<p><span style=\"color: #3366ff;\"><a href=\"https:\/\/goo.gl\/maps\/cc1kLzKA6D14gT1M7\" style=\"color: #3366ff;\"><span style=\"font-size: 16px;\">Uzdrowiskowa 2<br \/><\/span>Ustro\u0144<\/a><\/span><\/p>\n<p>[\/et_pb_blurb][\/et_pb_column][et_pb_column type=&#8221;1_3&#8243; _builder_version=&#8221;3.25&#8243; custom_padding=&#8221;|||&#8221; custom_padding__hover=&#8221;|||&#8221;][et_pb_blurb title=&#8221;Zadzwo\u0144&#8221; use_icon=&#8221;on&#8221; font_icon=&#8221;%%264%%&#8221; icon_color=&#8221;#ed4441&#8243; use_circle=&#8221;on&#8221; circle_color=&#8221;rgba(255,255,255,0)&#8221; use_circle_border=&#8221;on&#8221; circle_border_color=&#8221;#ed4441&#8243; use_icon_font_size=&#8221;on&#8221; icon_font_size=&#8221;36px&#8221; _builder_version=&#8221;4.9.7&#8243; header_font=&#8221;Oswald|on||on|&#8221; header_text_color=&#8221;#1a1a1a&#8221; header_font_size=&#8221;24px&#8221; header_line_height=&#8221;1.9em&#8221; body_font=&#8221;Roboto||||&#8221; body_font_size=&#8221;16px&#8221; body_line_height=&#8221;1.8em&#8221; background_color=&#8221;#f4f4f4&#8243; background_size=&#8221;initial&#8221; background_position=&#8221;top_left&#8221; background_repeat=&#8221;repeat&#8221; text_orientation=&#8221;center&#8221; custom_padding=&#8221;60px||60px|&#8221; hover_enabled=&#8221;0&#8243; sticky_enabled=&#8221;0&#8243;]<\/p>\n<p><a href=\"tel:+48667149667\">\u00a0+48667149667<\/a><\/p>\n<p>[\/et_pb_blurb][\/et_pb_column][et_pb_column type=&#8221;1_3&#8243; _builder_version=&#8221;3.25&#8243; custom_padding=&#8221;|||&#8221; custom_padding__hover=&#8221;|||&#8221;][et_pb_blurb title=&#8221;Napisz email&#8221; use_icon=&#8221;on&#8221; font_icon=&#8221;%%238%%&#8221; icon_color=&#8221;#ed4441&#8243; use_circle=&#8221;on&#8221; circle_color=&#8221;rgba(255,255,255,0)&#8221; use_circle_border=&#8221;on&#8221; circle_border_color=&#8221;#ed4441&#8243; use_icon_font_size=&#8221;on&#8221; icon_font_size=&#8221;36px&#8221; _builder_version=&#8221;4.9.7&#8243; header_font=&#8221;Oswald|on||on|&#8221; header_text_color=&#8221;#1a1a1a&#8221; header_font_size=&#8221;24px&#8221; header_line_height=&#8221;1.9em&#8221; body_font=&#8221;Roboto||||&#8221; body_font_size=&#8221;16px&#8221; body_line_height=&#8221;1.8em&#8221; background_color=&#8221;#f4f4f4&#8243; background_size=&#8221;initial&#8221; background_position=&#8221;top_left&#8221; background_repeat=&#8221;repeat&#8221; text_orientation=&#8221;center&#8221; custom_margin=&#8221;||27px|||&#8221; custom_padding=&#8221;60px||88px|||&#8221; animation_style=&#8221;fold&#8221; animation_direction=&#8221;left&#8221; animation_intensity_fold=&#8221;41%&#8221;]<\/p>\n<p><span style=\"color: #3366ff;\">beskidzkietarasy@gmail.com<\/span><\/p>\n<p>[\/et_pb_blurb][\/et_pb_column][\/et_pb_row][et_pb_row column_structure=&#8221;1_2,1_2&#8243; _builder_version=&#8221;3.25&#8243; background_size=&#8221;initial&#8221; background_position=&#8221;top_left&#8221; background_repeat=&#8221;repeat&#8221;][et_pb_column type=&#8221;1_2&#8243; _builder_version=&#8221;3.25&#8243; custom_padding=&#8221;|||&#8221; custom_padding__hover=&#8221;|||&#8221;][et_pb_text admin_label=&#8221;Contact Title&#8221; _builder_version=&#8221;4.9.0&#8243; text_font=&#8221;||||&#8221; text_text_color=&#8221;#1a1a1a&#8221; header_font=&#8221;Oswald|on||on|&#8221; header_text_align=&#8221;left&#8221; header_font_size=&#8221;60px&#8221; header_line_height=&#8221;1.3em&#8221; background_size=&#8221;initial&#8221; background_position=&#8221;top_left&#8221; background_repeat=&#8221;repeat&#8221; max_width=&#8221;450px&#8221; custom_margin=&#8221;|||&#8221; custom_padding=&#8221;|||&#8221; animation_style=&#8221;slide&#8221; animation_direction=&#8221;top&#8221; animation_intensity_slide=&#8221;10%&#8221; locked=&#8221;off&#8221;]<\/p>\n<h1>Skontaktuj si\u0119 z nami<\/h1>\n<p>[\/et_pb_text][et_pb_divider color=&#8221;#ed4441&#8243; divider_position=&#8221;center&#8221; divider_weight=&#8221;3px&#8221; disabled_on=&#8221;off|off|off%22&#8243; admin_label=&#8221;Divider&#8221; _builder_version=&#8221;3.2&#8243; max_width=&#8221;150px&#8221; height=&#8221;false&#8221; custom_margin=&#8221;30px|||&#8221; animation_style=&#8221;slide&#8221; animation_direction=&#8221;top&#8221; animation_delay=&#8221;100ms&#8221; animation_intensity_slide=&#8221;10%&#8221; locked=&#8221;off&#8221;][\/et_pb_divider][et_pb_text admin_label=&#8221;Contact Subtitle&#8221; _builder_version=&#8221;4.9.0&#8243; text_font=&#8221;Roboto||||&#8221; text_text_color=&#8221;#1a1a1a&#8221; text_font_size=&#8221;24px&#8221; text_line_height=&#8221;1.4em&#8221; background_size=&#8221;initial&#8221; background_position=&#8221;top_left&#8221; background_repeat=&#8221;repeat&#8221; max_width=&#8221;450px&#8221; custom_padding=&#8221;30px|||&#8221; animation_style=&#8221;slide&#8221; animation_direction=&#8221;top&#8221; animation_delay=&#8221;200ms&#8221; animation_intensity_slide=&#8221;10%&#8221; locked=&#8221;off&#8221;]Napisz do nas lub zarezerwuj pobyt. Odpowiemy tak szybko jak to mo\u017cliwe. [\/et_pb_text][\/et_pb_column][et_pb_column type=&#8221;1_2&#8243; _builder_version=&#8221;3.25&#8243; custom_padding=&#8221;|||&#8221; custom_padding__hover=&#8221;|||&#8221;][et_pb_contact_form captcha=&#8221;off&#8221; email=&#8221;kla.jagiello@gmail.com&#8221; success_message=&#8221;Wiadomo\u015b\u0107 zosta\u0142a wys\u0142ana. &#8221; submit_button_text=&#8221;Wy\u015blij wiadomo\u015b\u0107&#8221; module_id=&#8221;et_pb_contact_form_0&#8243; _builder_version=&#8221;4.9.7&#8243; form_field_background_color=&#8221;#ffffff&#8221; form_field_font=&#8221;Roboto|on|||&#8221; form_field_font_size=&#8221;16px&#8221; custom_button=&#8221;on&#8221; button_text_color=&#8221;#ffffff&#8221; button_bg_color=&#8221;#ed4441&#8243; button_border_width=&#8221;2px&#8221; button_border_color=&#8221;#ed4441&#8243; button_border_radius=&#8221;0px&#8221; button_letter_spacing=&#8221;4px&#8221; button_font=&#8221;|on||on|&#8221; button_icon=&#8221;%%3%%&#8221; button_icon_color=&#8221;#1a1a1a&#8221; custom_margin=&#8221;12px|||&#8221; animation_style=&#8221;fold&#8221; animation_direction=&#8221;right&#8221; animation_intensity_fold=&#8221;20%&#8221; border_width_all=&#8221;1px&#8221; border_color_all=&#8221;rgba(0,0,0,0.12)&#8221; border_style_all=&#8221;solid&#8221; use_border_color=&#8221;on&#8221; border_color=&#8221;rgba(0,0,0,0.12)&#8221; form_background_color=&#8221;#ffffff&#8221; locked=&#8221;off&#8221; button_text_color_hover=&#8221;#1a1a1a&#8221; button_bg_color_hover=&#8221;rgba(255,255,255,0)&#8221; button_border_color_hover=&#8221;#1a1a1a&#8221; button_border_radius_hover=&#8221;0px&#8221; button_letter_spacing_hover=&#8221;4px&#8221;][et_pb_contact_field field_id=&#8221;Imie_Nazwisko&#8221; field_title=&#8221;Imi\u0119 i Nazwisko&#8221; fullwidth_field=&#8221;on&#8221; _builder_version=&#8221;4.9.0&#8243; button_text_size__hover_enabled=&#8221;off&#8221; button_one_text_size__hover_enabled=&#8221;off&#8221; button_two_text_size__hover_enabled=&#8221;off&#8221; button_text_color__hover_enabled=&#8221;off&#8221; button_one_text_color__hover_enabled=&#8221;off&#8221; button_two_text_color__hover_enabled=&#8221;off&#8221; button_border_width__hover_enabled=&#8221;off&#8221; button_one_border_width__hover_enabled=&#8221;off&#8221; button_two_border_width__hover_enabled=&#8221;off&#8221; button_border_color__hover_enabled=&#8221;off&#8221; button_one_border_color__hover_enabled=&#8221;off&#8221; button_two_border_color__hover_enabled=&#8221;off&#8221; button_border_radius__hover_enabled=&#8221;off&#8221; button_one_border_radius__hover_enabled=&#8221;off&#8221; button_two_border_radius__hover_enabled=&#8221;off&#8221; button_letter_spacing__hover_enabled=&#8221;off&#8221; button_one_letter_spacing__hover_enabled=&#8221;off&#8221; button_two_letter_spacing__hover_enabled=&#8221;off&#8221; button_bg_color__hover_enabled=&#8221;off&#8221; button_one_bg_color__hover_enabled=&#8221;off&#8221; button_two_bg_color__hover_enabled=&#8221;off&#8221;][\/et_pb_contact_field][et_pb_contact_field field_id=&#8221;Email&#8221; field_title=&#8221;Email&#8221; field_type=&#8221;email&#8221; fullwidth_field=&#8221;on&#8221; conditional_logic=&#8221;on&#8221; conditional_logic_relation=&#8221;on&#8221; conditional_logic_rules=&#8221;%91{%22field%22:%22imie_nazwisko%22,%22condition%22:%22is not empty%22,%22value%22:%22%22},{%22field%22:%22phone%22,%22condition%22:%22is not empty%22,%22value%22:%22%22},{%22field%22:%22message%22,%22condition%22:%22is not empty%22,%22value%22:%22%22}%93&#8243; _builder_version=&#8221;4.9.0&#8243; button_text_size__hover_enabled=&#8221;off&#8221; button_one_text_size__hover_enabled=&#8221;off&#8221; button_two_text_size__hover_enabled=&#8221;off&#8221; button_text_color__hover_enabled=&#8221;off&#8221; button_one_text_color__hover_enabled=&#8221;off&#8221; button_two_text_color__hover_enabled=&#8221;off&#8221; button_border_width__hover_enabled=&#8221;off&#8221; button_one_border_width__hover_enabled=&#8221;off&#8221; button_two_border_width__hover_enabled=&#8221;off&#8221; button_border_color__hover_enabled=&#8221;off&#8221; button_one_border_color__hover_enabled=&#8221;off&#8221; button_two_border_color__hover_enabled=&#8221;off&#8221; button_border_radius__hover_enabled=&#8221;off&#8221; button_one_border_radius__hover_enabled=&#8221;off&#8221; button_two_border_radius__hover_enabled=&#8221;off&#8221; button_letter_spacing__hover_enabled=&#8221;off&#8221; button_one_letter_spacing__hover_enabled=&#8221;off&#8221; button_two_letter_spacing__hover_enabled=&#8221;off&#8221; button_bg_color__hover_enabled=&#8221;off&#8221; button_one_bg_color__hover_enabled=&#8221;off&#8221; button_two_bg_color__hover_enabled=&#8221;off&#8221;][\/et_pb_contact_field][et_pb_contact_field field_id=&#8221;Phone&#8221; field_title=&#8221;Nr Telefonu&#8221; allowed_symbols=&#8221;numbers&#8221; fullwidth_field=&#8221;on&#8221; conditional_logic=&#8221;on&#8221; _builder_version=&#8221;4.9.0&#8243; button_text_size__hover_enabled=&#8221;off&#8221; button_one_text_size__hover_enabled=&#8221;off&#8221; button_two_text_size__hover_enabled=&#8221;off&#8221; button_text_color__hover_enabled=&#8221;off&#8221; button_one_text_color__hover_enabled=&#8221;off&#8221; button_two_text_color__hover_enabled=&#8221;off&#8221; button_border_width__hover_enabled=&#8221;off&#8221; button_one_border_width__hover_enabled=&#8221;off&#8221; button_two_border_width__hover_enabled=&#8221;off&#8221; button_border_color__hover_enabled=&#8221;off&#8221; button_one_border_color__hover_enabled=&#8221;off&#8221; button_two_border_color__hover_enabled=&#8221;off&#8221; button_border_radius__hover_enabled=&#8221;off&#8221; button_one_border_radius__hover_enabled=&#8221;off&#8221; button_two_border_radius__hover_enabled=&#8221;off&#8221; button_letter_spacing__hover_enabled=&#8221;off&#8221; button_one_letter_spacing__hover_enabled=&#8221;off&#8221; button_two_letter_spacing__hover_enabled=&#8221;off&#8221; button_bg_color__hover_enabled=&#8221;off&#8221; button_one_bg_color__hover_enabled=&#8221;off&#8221; button_two_bg_color__hover_enabled=&#8221;off&#8221;][\/et_pb_contact_field][et_pb_contact_field field_id=&#8221;Message&#8221; field_title=&#8221;Twoja wiadomo\u015b\u0107&#8230;..&#8221; field_type=&#8221;text&#8221; fullwidth_field=&#8221;on&#8221; _builder_version=&#8221;4.9.0&#8243; button_text_size__hover_enabled=&#8221;off&#8221; button_one_text_size__hover_enabled=&#8221;off&#8221; button_two_text_size__hover_enabled=&#8221;off&#8221; button_text_color__hover_enabled=&#8221;off&#8221; button_one_text_color__hover_enabled=&#8221;off&#8221; button_two_text_color__hover_enabled=&#8221;off&#8221; button_border_width__hover_enabled=&#8221;off&#8221; button_one_border_width__hover_enabled=&#8221;off&#8221; button_two_border_width__hover_enabled=&#8221;off&#8221; button_border_color__hover_enabled=&#8221;off&#8221; button_one_border_color__hover_enabled=&#8221;off&#8221; button_two_border_color__hover_enabled=&#8221;off&#8221; button_border_radius__hover_enabled=&#8221;off&#8221; button_one_border_radius__hover_enabled=&#8221;off&#8221; button_two_border_radius__hover_enabled=&#8221;off&#8221; button_letter_spacing__hover_enabled=&#8221;off&#8221; button_one_letter_spacing__hover_enabled=&#8221;off&#8221; button_two_letter_spacing__hover_enabled=&#8221;off&#8221; button_bg_color__hover_enabled=&#8221;off&#8221; button_one_bg_color__hover_enabled=&#8221;off&#8221; button_two_bg_color__hover_enabled=&#8221;off&#8221;][\/et_pb_contact_field][\/et_pb_contact_form][\/et_pb_column][\/et_pb_row][\/et_pb_section][et_pb_section fb_built=&#8221;1&#8243; _builder_version=&#8221;4.9.0&#8243; _module_preset=&#8221;default&#8221;][et_pb_row _builder_version=&#8221;4.9.0&#8243; _module_preset=&#8221;default&#8221;][et_pb_column type=&#8221;4_4&#8243; _builder_version=&#8221;4.9.0&#8243; _module_preset=&#8221;default&#8221;][et_pb_gallery gallery_ids=&#8221;263,256,255,254,252,251&#8243; show_title_and_caption=&#8221;off&#8221; show_pagination=&#8221;off&#8221; _builder_version=&#8221;4.9.0&#8243; _module_preset=&#8221;default&#8221;][\/et_pb_gallery][\/et_pb_column][\/et_pb_row][\/et_pb_section][et_pb_section fb_built=&#8221;1&#8243; fullwidth=&#8221;on&#8221; _builder_version=&#8221;4.9.0&#8243; _module_preset=&#8221;default&#8221;][\/et_pb_section][et_pb_section fb_built=&#8221;1&#8243; _builder_version=&#8221;4.9.0&#8243; _module_preset=&#8221;default&#8221; background_enable_image=&#8221;off&#8221; background_position=&#8221;bottom_center&#8221; filter_saturate=&#8221;99%&#8221;][et_pb_row column_structure=&#8221;1_2,1_2&#8243; _builder_version=&#8221;4.9.0&#8243; _module_preset=&#8221;default&#8221;][et_pb_column type=&#8221;1_2&#8243; _builder_version=&#8221;4.8.2&#8243; _module_preset=&#8221;default&#8221;][et_pb_image src=&#8221;http:\/\/beskidzkietarasy.pl\/wp-content\/uploads\/2021\/02\/dji_0339-2_optimized.jpg&#8221; title_text=&#8221;dji_0339-2_optimized&#8221; _builder_version=&#8221;4.9.0&#8243; _module_preset=&#8221;default&#8221; custom_margin=&#8221;83px|-9px|25px|-22px||&#8221;][\/et_pb_image][\/et_pb_column][et_pb_column type=&#8221;1_2&#8243; _builder_version=&#8221;4.9.0&#8243; _module_preset=&#8221;default&#8221;][et_pb_map address=&#8221;Uzdrowiskowa 2, 43-450 Ustro\u0144, Polska&#8221; address_lat=&#8221;49.7272073&#8243; address_lng=&#8221;18.8242114&#8243; _builder_version=&#8221;4.9.0&#8243; _module_preset=&#8221;default&#8221; custom_margin=&#8221;133px|||||&#8221; custom_padding=&#8221;||0px|||&#8221; border_radii=&#8221;on|17px|17px|17px|17px&#8221; border_style_all=&#8221;ridge&#8221; border_width_top=&#8221;0px&#8221; border_width_bottom=&#8221;0px&#8221; box_shadow_style=&#8221;preset6&#8243;][et_pb_map_pin title=&#8221;Beskidzkie Tarasy &#8211; Apartamenty i SPA&#8221; pin_address=&#8221;Uzdrowiskowa 8, 43-450 Ustro\u0144, Polska&#8221; pin_address_lat=&#8221;49.727592214017&#8243; pin_address_lng=&#8221;18.824442069975&#8243; _builder_version=&#8221;4.9.0&#8243; _module_preset=&#8221;default&#8221;]<\/p>\n<p><iframe loading=\"lazy\" src=\"https:\/\/www.google.com\/maps\/embed?pb=!1m18!1m12!1m3!1d2579.1284758109773!2d18.822022715937177!3d49.72720727938209!2m3!1f0!2f0!3f0!3m2!1i1024!2i768!4f13.1!3m3!1m2!1s0x47141d30e44b73e9%3A0xdeb3f1373e06fd42!2sBeskidzkie%20Tarasy!5e0!3m2!1spl!2spl!4v1612899252716!5m2!1spl!2spl\" width=\"600\" height=\"450\" frameborder=\"0\" style=\"border: 0;\" allowfullscreen=\"\" aria-hidden=\"false\" tabindex=\"0\"><\/iframe><\/p>\n<p>[\/et_pb_map_pin][\/et_pb_map][\/et_pb_column][\/et_pb_row][\/et_pb_section]<\/p>\n","protected":false},"excerpt":{"rendered":"<p>[et_pb_section fb_built=&#8221;1&#8243; custom_padding_last_edited=&#8221;on|tablet&#8221; admin_label=&#8221;Contact Form&#8221; _builder_version=&#8221;4.9.0&#8243; background_enable_image=&#8221;off&#8221; custom_padding=&#8221;37px||10px|||&#8221; custom_padding_tablet=&#8221;60px|||&#8221; custom_padding_phone=&#8221;&#8221;][et_pb_row column_structure=&#8221;1_3,1_3,1_3&#8243; admin_label=&#8221;Row&#8221; _builder_version=&#8221;3.25&#8243; custom_padding=&#8221;70px|||&#8221; locked=&#8221;off&#8221;][et_pb_column type=&#8221;1_3&#8243; _builder_version=&#8221;3.25&#8243; custom_padding=&#8221;|||&#8221; custom_padding__hover=&#8221;|||&#8221;][et_pb_blurb title=&#8221;Odwied\u017a nas&#8221; use_icon=&#8221;on&#8221; font_icon=&#8221;%%249%%&#8221; icon_color=&#8221;#ed4441&#8243; use_circle=&#8221;on&#8221; circle_color=&#8221;rgba(255,255,255,0)&#8221; use_circle_border=&#8221;on&#8221; circle_border_color=&#8221;#ed4441&#8243; use_icon_font_size=&#8221;on&#8221; icon_font_size=&#8221;36px&#8221; _builder_version=&#8221;4.9.7&#8243; header_font=&#8221;Oswald|on||on|&#8221; header_text_color=&#8221;#1a1a1a&#8221; header_font_size=&#8221;24px&#8221; header_line_height=&#8221;1.9em&#8221; body_font=&#8221;Roboto||||&#8221; body_font_size=&#8221;16px&#8221; body_line_height=&#8221;1.8em&#8221; background_color=&#8221;#f4f4f4&#8243; background_size=&#8221;initial&#8221; background_position=&#8221;top_left&#8221; background_repeat=&#8221;repeat&#8221; text_orientation=&#8221;center&#8221; custom_padding=&#8221;60px||60px|&#8221; animation_style=&#8221;fold&#8221; animation_direction=&#8221;right&#8221; animation_intensity_fold=&#8221;41%&#8221;] Uzdrowiskowa 2Ustro\u0144 [\/et_pb_blurb][\/et_pb_column][et_pb_column type=&#8221;1_3&#8243; _builder_version=&#8221;3.25&#8243; custom_padding=&#8221;|||&#8221; custom_padding__hover=&#8221;|||&#8221;][et_pb_blurb title=&#8221;Zadzwo\u0144&#8221; [&hellip;]<\/p>\n","protected":false},"author":1,"featured_media":0,"parent":0,"menu_order":0,"comment_status":"closed","ping_status":"closed","template":"","meta":{"_et_pb_use_builder":"on","_et_pb_old_content":"","_et_gb_content_width":""},"yoast_head":"<!-- This site is optimized with the Yoast SEO plugin v16.5 - https:\/\/yoast.com\/wordpress\/plugins\/seo\/ -->\n<title>Kontakt - Beskidzkie Tarasy<\/title>\n<meta name=\"robots\" content=\"index, follow, max-snippet:-1, max-image-preview:large, max-video-preview:-1\" \/>\n<link rel=\"canonical\" href=\"https:\/\/beskidzkietarasy.pl\/?page_id=29\" \/>\n<meta property=\"og:locale\" content=\"pl_PL\" \/>\n<meta property=\"og:type\" content=\"article\" \/>\n<meta property=\"og:title\" content=\"Kontakt - Beskidzkie Tarasy\" \/>\n<meta property=\"og:description\" content=\"[et_pb_section fb_built=&#8221;1&#8243; custom_padding_last_edited=&#8221;on|tablet&#8221; admin_label=&#8221;Contact Form&#8221; _builder_version=&#8221;4.9.0&#8243; background_enable_image=&#8221;off&#8221; custom_padding=&#8221;37px||10px|||&#8221; custom_padding_tablet=&#8221;60px|||&#8221; custom_padding_phone=&#8221;&#8221;][et_pb_row column_structure=&#8221;1_3,1_3,1_3&#8243; admin_label=&#8221;Row&#8221; _builder_version=&#8221;3.25&#8243; custom_padding=&#8221;70px|||&#8221; locked=&#8221;off&#8221;][et_pb_column type=&#8221;1_3&#8243; _builder_version=&#8221;3.25&#8243; custom_padding=&#8221;|||&#8221; custom_padding__hover=&#8221;|||&#8221;][et_pb_blurb title=&#8221;Odwied\u017a nas&#8221; use_icon=&#8221;on&#8221; font_icon=&#8221;&#8221; icon_color=&#8221;#ed4441&#8243; use_circle=&#8221;on&#8221; circle_color=&#8221;rgba(255,255,255,0)&#8221; use_circle_border=&#8221;on&#8221; circle_border_color=&#8221;#ed4441&#8243; use_icon_font_size=&#8221;on&#8221; icon_font_size=&#8221;36px&#8221; _builder_version=&#8221;4.9.7&#8243; header_font=&#8221;Oswald|on||on|&#8221; header_text_color=&#8221;#1a1a1a&#8221; header_font_size=&#8221;24px&#8221; header_line_height=&#8221;1.9em&#8221; body_font=&#8221;Roboto||||&#8221; body_font_size=&#8221;16px&#8221; body_line_height=&#8221;1.8em&#8221; background_color=&#8221;#f4f4f4&#8243; background_size=&#8221;initial&#8221; background_position=&#8221;top_left&#8221; background_repeat=&#8221;repeat&#8221; text_orientation=&#8221;center&#8221; custom_padding=&#8221;60px||60px|&#8221; animation_style=&#8221;fold&#8221; animation_direction=&#8221;right&#8221; animation_intensity_fold=&#8221;41%&#8221;] Uzdrowiskowa 2Ustro\u0144 [\/et_pb_blurb][\/et_pb_column][et_pb_column type=&#8221;1_3&#8243; _builder_version=&#8221;3.25&#8243; custom_padding=&#8221;|||&#8221; custom_padding__hover=&#8221;|||&#8221;][et_pb_blurb title=&#8221;Zadzwo\u0144&#8221; [&hellip;]\" \/>\n<meta property=\"og:url\" content=\"https:\/\/beskidzkietarasy.pl\/?page_id=29\" \/>\n<meta property=\"og:site_name\" content=\"Beskidzkie Tarasy\" \/>\n<meta property=\"article:modified_time\" content=\"2024-01-20T18:56:20+00:00\" \/>\n<meta name=\"twitter:card\" content=\"summary_large_image\" \/>\n<meta name=\"twitter:label1\" content=\"Szacowany czas czytania\" \/>\n\t<meta name=\"twitter:data1\" content=\"9 minut\" \/>\n<script type=\"application\/ld+json\" class=\"yoast-schema-graph\">{\"@context\":\"https:\/\/schema.org\",\"@graph\":[{\"@type\":\"WebSite\",\"@id\":\"https:\/\/beskidzkietarasy.pl\/#website\",\"url\":\"https:\/\/beskidzkietarasy.pl\/\",\"name\":\"Beskidzkie Tarasy\",\"description\":\"Apartaments &amp; Spa\",\"potentialAction\":[{\"@type\":\"SearchAction\",\"target\":\"https:\/\/beskidzkietarasy.pl\/?s={search_term_string}\",\"query-input\":\"required name=search_term_string\"}],\"inLanguage\":\"pl-PL\"},{\"@type\":\"WebPage\",\"@id\":\"https:\/\/beskidzkietarasy.pl\/?page_id=29#webpage\",\"url\":\"https:\/\/beskidzkietarasy.pl\/?page_id=29\",\"name\":\"Kontakt - Beskidzkie Tarasy\",\"isPartOf\":{\"@id\":\"https:\/\/beskidzkietarasy.pl\/#website\"},\"datePublished\":\"2021-01-28T19:02:14+00:00\",\"dateModified\":\"2024-01-20T18:56:20+00:00\",\"breadcrumb\":{\"@id\":\"https:\/\/beskidzkietarasy.pl\/?page_id=29#breadcrumb\"},\"inLanguage\":\"pl-PL\",\"potentialAction\":[{\"@type\":\"ReadAction\",\"target\":[\"https:\/\/beskidzkietarasy.pl\/?page_id=29\"]}]},{\"@type\":\"BreadcrumbList\",\"@id\":\"https:\/\/beskidzkietarasy.pl\/?page_id=29#breadcrumb\",\"itemListElement\":[{\"@type\":\"ListItem\",\"position\":1,\"name\":\"Strona g\\u0142\\u00f3wna\",\"item\":\"https:\/\/beskidzkietarasy.pl\/\"},{\"@type\":\"ListItem\",\"position\":2,\"name\":\"Kontakt\"}]}]}<\/script>\n<!-- \/ Yoast SEO plugin. -->","_links":{"self":[{"href":"https:\/\/beskidzkietarasy.pl\/index.php?rest_route=\/wp\/v2\/pages\/29"}],"collection":[{"href":"https:\/\/beskidzkietarasy.pl\/index.php?rest_route=\/wp\/v2\/pages"}],"about":[{"href":"https:\/\/beskidzkietarasy.pl\/index.php?rest_route=\/wp\/v2\/types\/page"}],"author":[{"embeddable":true,"href":"https:\/\/beskidzkietarasy.pl\/index.php?rest_route=\/wp\/v2\/users\/1"}],"replies":[{"embeddable":true,"href":"https:\/\/beskidzkietarasy.pl\/index.php?rest_route=%2Fwp%2Fv2%2Fcomments&post=29"}],"version-history":[{"count":31,"href":"https:\/\/beskidzkietarasy.pl\/index.php?rest_route=\/wp\/v2\/pages\/29\/revisions"}],"predecessor-version":[{"id":647,"href":"https:\/\/beskidzkietarasy.pl\/index.php?rest_route=\/wp\/v2\/pages\/29\/revisions\/647"}],"wp:attachment":[{"href":"https:\/\/beskidzkietarasy.pl\/index.php?rest_route=%2Fwp%2Fv2%2Fmedia&parent=29"}],"curies":[{"name":"wp","href":"https:\/\/api.w.org\/{rel}","templated":true}]}}